{"id":45,"date":"2018-03-19T11:16:38","date_gmt":"2018-03-19T11:16:38","guid":{"rendered":"https:\/\/old.radovantuma.cz\/?page_id=45"},"modified":"2020-02-19T10:18:16","modified_gmt":"2020-02-19T10:18:16","slug":"spoluprace","status":"publish","type":"page","link":"https:\/\/radovantuma.cz\/?page_id=45","title":{"rendered":"Spolupr\u00e1ce"},"content":{"rendered":"<h3>rADOVAN TUMA &#8211; v\u00c1\u0160 FOTOGRAF<\/h3>\n<p>Term\u00edny po domluv\u011b telefonicky nebo emailem.<\/p>\n<p><strong>TEL<\/strong>: +420 775 957 338<br \/><strong>EMAIL<\/strong>: <a href=\"mailto:info@old.radovantuma.cz\">info@old.radovantuma.cz<\/a><\/p>\n<p><strong>portfolio<\/strong> &#8211; <a href=\"https:\/\/500px.com\/radovantma\">500px.com\/radovantuma<\/a><\/p>\n<p><strong>SVATEBN\u00cd FOTO<\/strong><\/p>\n<p>(ob\u0159ad, skupinov\u00e9 focen\u00ed, focen\u00ed novoman\u017eel\u016f)<\/p>\n<p>* cca 1,5 hodiny po ob\u0159ad\u011b<\/p>\n<p>*max. 4 hodiny focen\u00ed<\/p>\n<p>5500,- K\u010d<\/p>\n<p>* celodenn\u00ed svatebn\u00ed focen\u00ed max. 12 hodin<\/p>\n<p>od 12 000,- K\u010d<\/p>\n<p><strong>T\u011aHOTENSK\u00c9 FOCEN\u00cd<\/strong><\/p>\n<p>(20 upraven\u00fdch fotografi\u00ed)<\/p>\n<p>* cca 1,5 hodiny focen\u00ed<\/p>\n<p>2000,- K\u010d<\/p>\n<p><strong>FOCEN\u00cd D\u011aT\u00cd\/RODINN\u00c9 FOCEN\u00cd<\/strong><\/p>\n<p>(10 upraven\u00fdch fotografi\u00ed)<\/p>\n<p>* 45 minut focen\u00ed, r\u016fzn\u00e1 t\u00e9mata<\/p>\n<p>1500,- K\u010d<\/p>\n<p>(20 upraven\u00fdch fotografi\u00ed)<\/p>\n<p>* cca 1,5 hodina focen\u00ed, r\u016fzn\u00e1 t\u00e9mata<\/p>\n<p>2200,- K\u010d<\/p>\n<p>ka\u017ed\u00fdch dal\u0161\u00edch 30 minut<\/p>\n<p>500,-<\/p>\n<p><strong>FOCEN\u00cd NOVOROZENC\u016e<\/strong><\/p>\n<p>focen\u00ed mus\u00ed prob\u011bhnout do 20 dn\u016f od narozen\u00ed<\/p>\n<p>(20 upraven\u00fdch fotografi\u00ed)<\/p>\n<p>*cca 1 hodina focen\u00ed u V\u00e1s doma<\/p>\n<p>2 200,- K\u010d<\/p>\n<p>*3 hodiny focen\u00ed u V\u00e1s doma<\/p>\n<p>(v\u0161echny poveden\u00e9 fotografie)<\/p>\n<p>4 000,- K\u010d<\/p>\n<p><strong>PORTR\u00c9TN\u00cd FOTOGRAFIE<\/strong><\/p>\n<p>(5 upraven\u00fdch fotografi\u00ed + vhodn\u00e1 i v \u010dernob\u00edl\u00e9 variant\u011b)<\/p>\n<p>* cca 60 min. focen\u00ed<\/p>\n<p>1 500,- K\u010d<\/p>\n<p>(20 upraven\u00fdch fotografi\u00ed + \u010dernob\u00edl\u00e9 varianty)<\/p>\n<p>*1,5 hodiny i v\u00edce dle pot\u0159eby a n\u00e1lady<\/p>\n<p>3 500,- K\u010d<\/p>\n<p><strong>FOTOGRAFOV\u00c1N\u00cd INTERI\u00c9R\u016e A OBJEKT\u016e<\/strong><\/p>\n<p>* 1 prostor 4-6 fotografi\u00ed<\/p>\n<p>od 500,- K\u010d dle n\u00e1ro\u010dnosti a po\u010dtu<\/p>\n<p><strong>PRODUKTOV\u00c1 FOTOGRAFIE<\/strong><\/p>\n<p>Jednoduch\u00fd produkt vyfocen\u00fd na jednobarevn\u00e9m pozad\u00ed<\/p>\n<p>190,- K\u010d\/kus<\/p>\n<p>leskl\u00fd podklad, leskl\u00fd produkt, slo\u017eit\u011bj\u0161\u00ed pozad\u00ed etc.<\/p>\n<p>700,- K\u010d\/kus<\/p>\n<p><strong>FOTOGRAFIE J\u00cdDLA<\/strong><\/p>\n<p>(2 a\u017e 3 fotografie z r\u016fzn\u00fdch pohled\u016f jednoho j\u00eddla)<\/p>\n<p>900,- K\u010d<\/p>\n<p>*na zak\u00e1zky v\u011bt\u0161\u00edho rozsahu mno\u017estevn\u00ed sleva dle dohody<\/p>\n<p>Vytvo\u0159en\u00ed o\u0159ezov\u00e9 cesty produktu<\/p>\n<p>od 50,- K\u010d\/fotografie dle n\u00e1ro\u010dnosti produktu<\/p>\n<p><strong>REPORT\u00c1\u017dN\u00cd FOTOGRAFIE<\/strong><\/p>\n<p>Od 600,- K\u010d\/hodina<\/p>\n\n\n<p><\/p>\n","protected":false},"excerpt":{"rendered":"<p>rADOVAN TUMA &#8211; v\u00c1\u0160 FOTOGRAF Term\u00edny po domluv\u011b telefonicky nebo emailem. TEL: +420 775 957 338EMAIL: info@old.radovantuma.cz portfolio &#8211; 500px.com\/radovantuma SVATEBN\u00cd FOTO (ob\u0159ad, skupinov\u00e9 focen\u00ed, focen\u00ed novoman\u017eel\u016f) * cca 1,5 hodiny po ob\u0159ad\u011b *max. 4 hodiny focen\u00ed 5500,- K\u010d * celodenn\u00ed svatebn\u00ed focen\u00ed max. 12 hodin od 12 000,- K\u010d T\u011aHOTENSK\u00c9 FOCEN\u00cd (20 upraven\u00fdch fotografi\u00ed) [&hellip;]<\/p>\n","protected":false},"author":2,"featured_media":0,"parent":0,"menu_order":1,"comment_status":"closed","ping_status":"closed","template":"","meta":{"footnotes":""},"class_list":["post-45","page","type-page","status-publish","hentry"],"_links":{"self":[{"href":"https:\/\/radovantuma.cz\/index.php?rest_route=\/wp\/v2\/pages\/45","targetHints":{"allow":["GET"]}}],"collection":[{"href":"https:\/\/radovantuma.cz\/index.php?rest_route=\/wp\/v2\/pages"}],"about":[{"href":"https:\/\/radovantuma.cz\/index.php?rest_route=\/wp\/v2\/types\/page"}],"author":[{"embeddable":true,"href":"https:\/\/radovantuma.cz\/index.php?rest_route=\/wp\/v2\/users\/2"}],"replies":[{"embeddable":true,"href":"https:\/\/radovantuma.cz\/index.php?rest_route=%2Fwp%2Fv2%2Fcomments&post=45"}],"version-history":[{"count":12,"href":"https:\/\/radovantuma.cz\/index.php?rest_route=\/wp\/v2\/pages\/45\/revisions"}],"predecessor-version":[{"id":200,"href":"https:\/\/radovantuma.cz\/index.php?rest_route=\/wp\/v2\/pages\/45\/revisions\/200"}],"wp:attachment":[{"href":"https:\/\/radovantuma.cz\/index.php?rest_route=%2Fwp%2Fv2%2Fmedia&parent=45"}],"curies":[{"name":"wp","href":"https:\/\/api.w.org\/{rel}","templated":true}]}}