{"id":57,"date":"2018-04-06T08:13:31","date_gmt":"2018-04-06T08:13:31","guid":{"rendered":"https:\/\/old.radovantuma.cz\/?page_id=57"},"modified":"2019-04-12T09:02:09","modified_gmt":"2019-04-12T09:02:09","slug":"o-mne-world-in-my-lens","status":"publish","type":"page","link":"https:\/\/radovantuma.cz\/?page_id=57","title":{"rendered":"O mn\u011b &#8211; World In My Lens"},"content":{"rendered":"<p>V\u00edt\u00e1m v\u00e1s ve sv\u011bt\u011b vid\u011bn\u00e9m m\u00fdm objektivem.<\/p>\n<p>Pro\u010d World in my Lens?<\/p>\n<p>N\u00e1zev odkazuje na moji obl\u00edbenou skupinu Depeche Mode, prost\u0159ednictv\u00edm kter\u00e9 jsem se dostal k\u00a0fotografi\u00edm Antona Corbijna, kter\u00e9 mne velmi oslovily. Dal\u0161\u00edm impulzem k\u00a0m\u00e9mu focen\u00ed byla druh\u00e1 velik\u00e1 v\u00e1\u0161e\u0148, a tou je l\u00e9t\u00e1n\u00ed. A\u0165 u\u017e m\u00e9 vlastn\u00ed, tak i jeho historie, Supermarine Spitfire a zvl\u00e1\u0161t\u011b na\u0161i state\u010dn\u00ed letci v\u00a0\u0159ad\u00e1ch britsk\u00e9 RAF a s\u00a0t\u00edm se poj\u00ed m\u016fj druh\u00fd obl\u00edben\u00fd fotograf Ladislav Sitensk\u00fd. S\u00a0pokorou tedy p\u0159edkl\u00e1d\u00e1m sv\u00e9 skromn\u00e9 pokusy o zachycen\u00ed v\u0161edn\u00edch i nev\u0161edn\u00edch okam\u017eik\u016f na\u0161eho byt\u00ed.<\/p>\n<p><span lang=\"en\" tabindex=\"0\">Welcome to the world seen by my lens. <\/span><\/p>\n<p><span lang=\"en\" tabindex=\"0\">Why World in my Lens? <\/span><\/p>\n<p><span lang=\"en\" tabindex=\"0\">The title refers to my favorite band Depeche Mode, through which I came to the photos of Anton Corbijn, who very much appealed to me. Another impulse for my photo shoot was the second great passion, which is flying. Whether it&#8217;s my own, its history, the Supermarine Spitfire, and especially our brave airmen in the British RAF, my second favorite photographer, Ladislav Sitensky, is involved. So, with humility, I present my modest attempts to capture the mundane and extraordinary moments of our being.<\/span><\/p>\n","protected":false},"excerpt":{"rendered":"<p>V\u00edt\u00e1m v\u00e1s ve sv\u011bt\u011b vid\u011bn\u00e9m m\u00fdm objektivem. Pro\u010d World in my Lens? N\u00e1zev odkazuje na moji obl\u00edbenou skupinu Depeche Mode, prost\u0159ednictv\u00edm kter\u00e9 jsem se dostal k\u00a0fotografi\u00edm Antona Corbijna, kter\u00e9 mne velmi oslovily. Dal\u0161\u00edm impulzem k\u00a0m\u00e9mu focen\u00ed byla druh\u00e1 velik\u00e1 v\u00e1\u0161e\u0148, a tou je l\u00e9t\u00e1n\u00ed. A\u0165 u\u017e m\u00e9 vlastn\u00ed, tak i jeho historie, Supermarine Spitfire a [&hellip;]<\/p>\n","protected":false},"author":2,"featured_media":0,"parent":0,"menu_order":0,"comment_status":"closed","ping_status":"closed","template":"","meta":{"footnotes":""},"class_list":["post-57","page","type-page","status-publish","hentry"],"_links":{"self":[{"href":"https:\/\/radovantuma.cz\/index.php?rest_route=\/wp\/v2\/pages\/57","targetHints":{"allow":["GET"]}}],"collection":[{"href":"https:\/\/radovantuma.cz\/index.php?rest_route=\/wp\/v2\/pages"}],"about":[{"href":"https:\/\/radovantuma.cz\/index.php?rest_route=\/wp\/v2\/types\/page"}],"author":[{"embeddable":true,"href":"https:\/\/radovantuma.cz\/index.php?rest_route=\/wp\/v2\/users\/2"}],"replies":[{"embeddable":true,"href":"https:\/\/radovantuma.cz\/index.php?rest_route=%2Fwp%2Fv2%2Fcomments&post=57"}],"version-history":[{"count":5,"href":"https:\/\/radovantuma.cz\/index.php?rest_route=\/wp\/v2\/pages\/57\/revisions"}],"predecessor-version":[{"id":197,"href":"https:\/\/radovantuma.cz\/index.php?rest_route=\/wp\/v2\/pages\/57\/revisions\/197"}],"wp:attachment":[{"href":"https:\/\/radovantuma.cz\/index.php?rest_route=%2Fwp%2Fv2%2Fmedia&parent=57"}],"curies":[{"name":"wp","href":"https:\/\/api.w.org\/{rel}","templated":true}]}}